{"id":507,"date":"2021-03-31T01:09:50","date_gmt":"2021-03-30T22:09:50","guid":{"rendered":"https:\/\/goldenkey-realestate.com\/glavnaya\/"},"modified":"2024-04-04T21:12:43","modified_gmt":"2024-04-04T19:12:43","slug":"glavnaya","status":"publish","type":"page","link":"https:\/\/goldenkey-realestate.com\/es\/","title":{"rendered":"Home"},"content":{"rendered":"<div class=\"slider-wrapper relative\" id=\"slider-1506916944\" >\n    <div class=\"slider slider-nav-circle slider-nav-large slider-nav-light slider-style-normal\"\n        data-flickity-options='{\n            \"cellAlign\": \"center\",\n            \"imagesLoaded\": true,\n            \"lazyLoad\": 1,\n            \"freeScroll\": false,\n            \"wrapAround\": true,\n            \"autoPlay\": 5000,\n            \"pauseAutoPlayOnHover\" : true,\n            \"prevNextButtons\": true,\n            \"contain\" : true,\n            \"adaptiveHeight\" : true,\n            \"dragThreshold\" : 10,\n            \"percentPosition\": true,\n            \"pageDots\": true,\n            \"rightToLeft\": false,\n            \"draggable\": true,\n            \"selectedAttraction\": 0.1,\n            \"parallax\" : 0,\n            \"friction\": 0.6        }'\n        >\n        \n\n\n  <div class=\"banner has-hover has-slide-effect slide-zoom-in-fast\" id=\"banner-1128912775\">\n          <div class=\"banner-inner fill\">\n        <div class=\"banner-bg fill\" >\n            <div class=\"bg fill bg-fill \"><\/div>\n                        <div class=\"overlay\"><\/div>            \n                    <\/div>\n        <div class=\"banner-layers container\">\n            <div class=\"fill banner-link\"><\/div>            \n\n   <div id=\"text-box-829863546\" class=\"text-box banner-layer x0 md-x5 lg-x5 y100 md-y95 lg-y95 res-text\">\n                                <div class=\"text \">\n              \n              <div class=\"text-inner text-left\">\n                  \n\n\t<div id=\"text-2559166535\" class=\"text\">\n\t\t\n\n<h5 class=\"uppercase\">Exquisite Modern villa in La Cerquilla<\/h5>\n\t\t\n<style>\n#text-2559166535 {\n  color: rgb(255,255,255);\n}\n#text-2559166535 > * {\n  color: rgb(255,255,255);\n}\n<\/style>\n\t<\/div>\n\t\n\n              <\/div>\n           <\/div>\n                            \n<style>\n#text-box-829863546 .text {\n  background-color: rgba(40, 37, 37, 0.413);\n  font-size: 100%;\n}\n#text-box-829863546 {\n  width: 99%;\n}\n@media (min-width:550px) {\n  #text-box-829863546 {\n    width: 71%;\n  }\n}\n@media (min-width:850px) {\n  #text-box-829863546 {\n    width: 62%;\n  }\n}\n<\/style>\n    <\/div>\n \n\n        <\/div>\n      <\/div>\n\n            \n<style>\n#banner-1128912775 {\n  padding-top: 500px;\n  background-color: rgb(255, 255, 255);\n}\n#banner-1128912775 .bg.bg-loaded {\n  background-image: url(https:\/\/goldenkey-realestate.com\/wp-content\/uploads\/2024\/03\/slide.jpg);\n}\n#banner-1128912775 .overlay {\n  background-color: rgba(190, 190, 190, 0.2);\n}\n<\/style>\n  <\/div>\n\n\n\n  <div class=\"banner has-hover has-slide-effect slide-zoom-in-fast\" id=\"banner-918851809\">\n          <div class=\"banner-inner fill\">\n        <div class=\"banner-bg fill\" >\n            <div class=\"bg fill bg-fill \"><\/div>\n                        <div class=\"overlay\"><\/div>            \n                    <\/div>\n        <div class=\"banner-layers container\">\n            <div class=\"fill banner-link\"><\/div>            \n\n   <div id=\"text-box-1923604983\" class=\"text-box banner-layer x0 md-x5 lg-x5 y100 md-y95 lg-y95 res-text\">\n                                <div class=\"text \">\n              \n              <div class=\"text-inner text-left\">\n                  \n\n\t<div id=\"text-1085236351\" class=\"text\">\n\t\t\n\n<h5 class=\"uppercase\"><strong>Una magnifica villa moderna en Nueva Andalucia<\/strong><\/h5>\n\t\t\n<style>\n#text-1085236351 {\n  color: rgb(255,255,255);\n}\n#text-1085236351 > * {\n  color: rgb(255,255,255);\n}\n<\/style>\n\t<\/div>\n\t\n\n              <\/div>\n           <\/div>\n                            \n<style>\n#text-box-1923604983 .text {\n  background-color: rgba(40, 37, 37, 0.413);\n  font-size: 100%;\n}\n#text-box-1923604983 {\n  width: 86%;\n}\n@media (min-width:550px) {\n  #text-box-1923604983 {\n    width: 79%;\n  }\n}\n@media (min-width:850px) {\n  #text-box-1923604983 {\n    width: 65%;\n  }\n}\n<\/style>\n    <\/div>\n \n\n        <\/div>\n      <\/div>\n\n            \n<style>\n#banner-918851809 {\n  padding-top: 500px;\n  background-color: rgb(255, 255, 255);\n}\n#banner-918851809 .bg.bg-loaded {\n  background-image: url(https:\/\/goldenkey-realestate.com\/wp-content\/uploads\/2024\/04\/DSC09743-62.jpg);\n}\n#banner-918851809 .overlay {\n  background-color: rgba(190, 190, 190, 0.2);\n}\n#banner-918851809 .bg {\n  background-position: 91% 51%;\n}\n<\/style>\n  <\/div>\n\n\n\n  <div class=\"banner has-hover has-slide-effect slide-zoom-in\" id=\"banner-45642455\">\n          <div class=\"banner-inner fill\">\n        <div class=\"banner-bg fill\" >\n            <div class=\"bg fill bg-fill \"><\/div>\n                        <div class=\"overlay\"><\/div>            \n                    <\/div>\n        <div class=\"banner-layers container\">\n            <div class=\"fill banner-link\"><\/div>            \n\n   <div id=\"text-box-1957318004\" class=\"text-box banner-layer x0 md-x50 lg-x5 y100 md-y95 lg-y95 res-text\">\n                                <div class=\"text \">\n              \n              <div class=\"text-inner text-left\">\n                  \n\n\t<div id=\"text-1626700832\" class=\"text\">\n\t\t\n\n<h5 class=\"uppercase\"><strong>Amazing villa with panoramic views in Istan<\/strong><\/h5>\n\t\t\n<style>\n#text-1626700832 {\n  color: rgb(255,255,255);\n}\n#text-1626700832 > * {\n  color: rgb(255,255,255);\n}\n<\/style>\n\t<\/div>\n\t\n\n              <\/div>\n           <\/div>\n                            \n<style>\n#text-box-1957318004 .text {\n  background-color: rgba(40, 37, 37, 0.413);\n  font-size: 100%;\n}\n#text-box-1957318004 {\n  width: 84%;\n}\n@media (min-width:550px) {\n  #text-box-1957318004 {\n    width: 79%;\n  }\n}\n@media (min-width:850px) {\n  #text-box-1957318004 {\n    width: 63%;\n  }\n}\n<\/style>\n    <\/div>\n \n\n        <\/div>\n      <\/div>\n\n            \n<style>\n#banner-45642455 {\n  padding-top: 500px;\n  background-color: rgb(255, 255, 255);\n}\n#banner-45642455 .bg.bg-loaded {\n  background-image: url(https:\/\/goldenkey-realestate.com\/wp-content\/uploads\/2024\/04\/Villa-Istan-581.jpg);\n}\n#banner-45642455 .overlay {\n  background-color: rgba(190, 190, 190, 0.2);\n}\n<\/style>\n  <\/div>\n\n\n\n  <div class=\"banner has-hover has-slide-effect slide-zoom-in-fast\" id=\"banner-498940903\">\n          <div class=\"banner-inner fill\">\n        <div class=\"banner-bg fill\" >\n            <div class=\"bg fill bg-fill \"><\/div>\n                        <div class=\"overlay\"><\/div>            \n                    <\/div>\n        <div class=\"banner-layers container\">\n            <div class=\"fill banner-link\"><\/div>            \n\n   <div id=\"text-box-859625563\" class=\"text-box banner-layer x0 md-x5 lg-x5 y100 md-y95 lg-y95 res-text\">\n                                <div class=\"text \">\n              \n              <div class=\"text-inner text-left\">\n                  \n\n\t<div id=\"text-4037919398\" class=\"text\">\n\t\t\n\n<h5 class=\"uppercase\"><strong>Villa in traditional Andalucian style in BenahavisValley<\/strong><\/h5>\n\t\t\n<style>\n#text-4037919398 {\n  color: rgb(255,255,255);\n}\n#text-4037919398 > * {\n  color: rgb(255,255,255);\n}\n<\/style>\n\t<\/div>\n\t\n\n              <\/div>\n           <\/div>\n                            \n<style>\n#text-box-859625563 .text {\n  background-color: rgba(40, 37, 37, 0.413);\n  font-size: 100%;\n}\n#text-box-859625563 {\n  width: 65%;\n}\n@media (min-width:550px) {\n  #text-box-859625563 {\n    width: 60%;\n  }\n}\n<\/style>\n    <\/div>\n \n\n        <\/div>\n      <\/div>\n\n            \n<style>\n#banner-498940903 {\n  padding-top: 500px;\n  background-color: rgb(255, 255, 255);\n}\n#banner-498940903 .bg.bg-loaded {\n  background-image: url(https:\/\/goldenkey-realestate.com\/wp-content\/uploads\/2024\/04\/2022.09.08-Ownerslink-Monte-mayor-P-5-11.jpg);\n}\n#banner-498940903 .overlay {\n  background-color: rgba(190, 190, 190, 0.2);\n}\n<\/style>\n  <\/div>\n\n\n\n  <div class=\"banner has-hover has-slide-effect slide-zoom-in\" id=\"banner-608108162\">\n          <div class=\"banner-inner fill\">\n        <div class=\"banner-bg fill\" >\n            <div class=\"bg fill bg-fill \"><\/div>\n                        <div class=\"overlay\"><\/div>            \n                    <\/div>\n        <div class=\"banner-layers container\">\n            <div class=\"fill banner-link\"><\/div>            \n\n   <div id=\"text-box-1499339357\" class=\"text-box banner-layer x0 md-x50 lg-x5 y100 md-y95 lg-y95 res-text\">\n                                <div class=\"text \">\n              \n              <div class=\"text-inner text-left\">\n                  \n\n\t<div id=\"text-2957949225\" class=\"text\">\n\t\t\n\n<h5 class=\"uppercase\"><strong>Ground floor Apartment in New Golden Mile<\/strong><\/h5>\n\t\t\n<style>\n#text-2957949225 {\n  color: rgb(255,255,255);\n}\n#text-2957949225 > * {\n  color: rgb(255,255,255);\n}\n<\/style>\n\t<\/div>\n\t\n\n              <\/div>\n           <\/div>\n                            \n<style>\n#text-box-1499339357 .text {\n  background-color: rgba(40, 37, 37, 0.413);\n  font-size: 100%;\n}\n#text-box-1499339357 {\n  width: 84%;\n}\n@media (min-width:550px) {\n  #text-box-1499339357 {\n    width: 79%;\n  }\n}\n@media (min-width:850px) {\n  #text-box-1499339357 {\n    width: 63%;\n  }\n}\n<\/style>\n    <\/div>\n \n\n        <\/div>\n      <\/div>\n\n            \n<style>\n#banner-608108162 {\n  padding-top: 500px;\n  background-color: rgb(255, 255, 255);\n}\n#banner-608108162 .bg.bg-loaded {\n  background-image: url(https:\/\/goldenkey-realestate.com\/wp-content\/uploads\/2024\/04\/Cabo-Bermejo-402-18-11.jpg);\n}\n#banner-608108162 .overlay {\n  background-color: rgba(190, 190, 190, 0.2);\n}\n<\/style>\n  <\/div>\n\n\n\n     <\/div>\n\n     <div class=\"loading-spin dark large centered\"><\/div>\n\n     <\/div>\n\n\n<ul class=\"sidebar-wrapper ul-reset\"><div id=\"es_search_widget-2\" class=\"widget-container widget_es_search_widget es-widget\">\n    <div class=\"es-search__wrapper es-search__wrapper--horizontal \">\n\n        \n        <form action=\"https:\/\/goldenkey-realestate.com\/es\/\" role=\"search\" method=\"get\">\n\n                            <input type=\"hidden\" name=\"s\"\/>\n            \n                                                                        <div class=\"es-search__field es-search__field--es_category\">\n                            <div class=\"es-field__label\">\n\t\t\t\t<label for=\"es-search-es_category-input\">\n\t\t\t\tZona\n\t\t\t\t<\/label><\/div><div class=\"es-field__wrap \"><select name=\"es_search[es_category][]\"  class=\"es-select2-tags\" multiple=\"multiple\" data-placeholder=\"Zona\" id=\"es-search-es_category-input\" value=\"\" ><option value=\"345\" >Algarrobo Pueblo<\/option><option value=\"1741\" >Alhaurin de la Torre<\/option><option value=\"963\" >Arroyo Ibensa<\/option><option value=\"205\" >Benahavis<\/option><option value=\"105\" >Benalm\u00e0dena<\/option><option value=\"1512\" >Benalmadena Arroyo de la Miel<\/option><option value=\"1761\" >Benalmadena Costa<\/option><option value=\"1072\" >Benalmadena Pueblo<\/option><option value=\"1767\" >Calahonda<\/option><option value=\"1615\" >Casares<\/option><option value=\"1770\" >Cortijo Torrequebrada<\/option><option value=\"1622\" >Cuadalmina Baja<\/option><option value=\"1779\" >EL Higeron - Capellania<\/option><option value=\"448\" >El Molinillo<\/option><option value=\"1783\" >Estepona<\/option><option value=\"541\" >Estepona<\/option><option value=\"207\" >Estepona New<\/option><option value=\"1052\" >Hacienda Torrequebrada<\/option><option value=\"819\" >Istan<\/option><option value=\"211\" >La Zagaleta<\/option><option value=\"213\" >Los Monteros<\/option><option value=\"111\" >Malaga<\/option><option value=\"107\" >Marbella<\/option><option value=\"215\" >Marbella East<\/option><option value=\"1635\" >Marbesa<\/option><option value=\"109\" >Mijas<\/option><option value=\"968\" >Mijas Costa<\/option><option value=\"965\" >Mijas Golf<\/option><option value=\"1618\" >New Golden Mile<\/option><option value=\"217\" >Nueva Andalucia<\/option><option value=\"983\" >Nueva Torrequebrada<\/option><option value=\"219\" >Puerto Banus<\/option><option value=\"221\" >San Pedro de Alcantara<\/option><option value=\"223\" >Sierra Blanca<\/option><option value=\"1629\" >Sotagrande<\/option><option value=\"209\" >The Golden Mile<\/option><option value=\"1499\" >Torre del Mar<\/option><option value=\"225\" >Torremolinos<\/option><option value=\"971\" >Torremuelle<\/option><option value=\"251\" >Torrequebrada<\/option><option value=\"346\" >\u0422\u043errox Costa<\/option><\/select><\/div>                        <\/div>\n                                                                                <div class=\"es-search__field es-search__field--es_type\">\n                            <div class=\"es-field__label\">\n\t\t\t\t<label for=\"es-search-es_type-input\">\n\t\t\t\tTipo\n\t\t\t\t<\/label><\/div><div class=\"es-field__wrap \"><select name=\"es_search[es_type][]\"  class=\"es-select2-tags\" multiple=\"multiple\" data-placeholder=\"Tipo\" id=\"es-search-es_type-input\" value=\"\" ><option value=\"604\" >Apartamento<\/option><option value=\"931\" >Apartamento en planta baja<\/option><option value=\"565\" >Apartamento Planta Baja<\/option><option value=\"1754\" >Apartment<\/option><option value=\"926\" >\u00c1tico<\/option><option value=\"200\" >Bungalow<\/option><option value=\"933\" >Caba\u00f1a<\/option><option value=\"199\" >Casa<\/option><option value=\"125\" >Casa adosada<\/option><option value=\"975\" >Chalet<\/option><option value=\"1609\" >Chalet pareado<\/option><option value=\"1481\" >Detached house<\/option><option value=\"350\" >D\u00faplex, \u00e1tico<\/option><option value=\"198\" >Edificio<\/option><option value=\"1006\" >Estudio<\/option><option value=\"127\" >Hotel<\/option><option value=\"1530\" >Hotel<\/option><option value=\"196\" >Inmuebles<\/option><option value=\"798\" >inversiones<\/option><option value=\"519\" >Loft<\/option><option value=\"201\" >Negocio<\/option><option value=\"1549\" >New Development<\/option><option value=\"935\" >Nueva construcci\u00f3n<\/option><option value=\"195\" >Objeto comercial<\/option><option value=\"622\" >Oficina<\/option><option value=\"197\" >Parcela<\/option><option value=\"1632\" >Parcela con proyecto<\/option><option value=\"944\" >Penthouse<\/option><option value=\"1470\" >Plano<\/option><option value=\"193\" >Un restaurante<\/option><option value=\"121\" >Villa<\/option><option value=\"1637\" >\u0412\u0438\u043b\u043b\u0430<\/option><option value=\"1758\" >\u041a\u0432\u0430\u0440\u0442\u0438\u0440\u0430<\/option><option value=\"1755\" >\u0421\u0442\u0443\u0434\u0438\u044f<\/option><\/select><\/div>                        <\/div>\n                                                                                <div class=\"es-search__field es-search__field--price\">\n                            <div class=\"es-field__label\">\n\t\t\t\t<label for=\"es-search-price-input\">\n\t\t\t\tPrecio\n\t\t\t\t<\/label><\/div><div class=\"es-field__wrap \"><div class=\"es-field__range\">\n                                 <input id=\"es-search-price-input-min\" type=\"text\" placeholder=\"min\" name=\"es_search[price][min]\"  step=\"any\" placeholder=\"Precio\"  value=\"\"\/><input id=\"es-search-price-input-max\" type=\"text\" placeholder=\"max\" name=\"es_search[price][max]\"  step=\"any\" placeholder=\"Precio\"  value=\"\"\/><\/div><\/div>                        <\/div>\n                                                                                <div class=\"es-search__field es-search__field--bedrooms\">\n                            <div class=\"es-field__label\">\n\t\t\t\t<label for=\"es-search-bedrooms-input\">\n\t\t\t\tDormitorios\n\t\t\t\t<\/label><\/div><div class=\"es-field__wrap \"><div class=\"es-field__range\">\n                                 <input id=\"es-search-bedrooms-input-min\" type=\"text\" placeholder=\"min\" name=\"es_search[bedrooms][min]\"  placeholder=\"Dormitorios\"  value=\"\"\/><input id=\"es-search-bedrooms-input-max\" type=\"text\" placeholder=\"max\" name=\"es_search[bedrooms][max]\"  placeholder=\"Dormitorios\"  value=\"\"\/><\/div><\/div>                        <\/div>\n                                                                                <div class=\"es-search__field es-search__field--floors\">\n                            <div class=\"es-field__label\">\n\t\t\t\t<label for=\"es-search-floors-input\">\n\t\t\t\tEnlace\n\t\t\t\t<\/label><\/div><div class=\"es-field__wrap \"><input type=\"text\" name=\"es_search[floors]\"  id=\"es-search-floors-input\" value=\"\" \/><\/div>                        <\/div>\n                                                                                    \n                            <input type=\"hidden\" name=\"post_type\" value=\"properties\"\/>\n            \n            <div class=\"es-search__buttons\">\n                <div class=\"es-button__wrap\">\n                    <input type=\"reset\" class=\"es-button es-button-gray\" value=\"Recomponer\"\/>\n                <\/div>\n                <div class=\"es-button__wrap\">\n                    <input type=\"submit\" class=\"es-button es-button-orange-corner\" value=\"Buscar \"\/>\n                <\/div>\n\t                        <\/div>\n\n            <div class=\"es-search__messages js-es-search__messages\"><\/div>\n\n            \n        <\/form>\n\n    <\/div>\n<\/div><\/ul>\n\t<section class=\"section\" id=\"section_1726244404\">\n\t\t<div class=\"bg section-bg fill bg-fill  bg-loaded\" >\n\n\t\t\t\n\t\t\t\n\t\t\t\n\n\t\t<\/div>\n\n\t\t<div class=\"section-content relative\">\n\t\t\t\n<div class=\"row row-full-width align-center\"  id=\"row-1076141616\">\n\n\t<div id=\"col-826227212\" class=\"col medium-11 small-12 large-11\"  >\n\t\t<div class=\"col-inner text-center\"  >\n\t\t\t\n\t\t\t\n<div class=\"container section-title-container hidden\" style=\"margin-top:20px;\"><h2 class=\"section-title section-title-center\"><b><\/b><span class=\"section-title-main\" >Lujo<\/span><b><\/b><\/h2><\/div>\n\n<div class=\"container section-title-container\" style=\"margin-top:20px;\"><h2 class=\"section-title section-title-center\"><b><\/b><span class=\"section-title-main\" >Inmobiliaria Golden Key<\/span><b><\/b><\/h2><\/div>\n\t<div id=\"text-2677613658\" class=\"text\">\n\t\t\n<p class=\"lead\">Nuestra agencia est\u00e1 ubicada en la Costa del Sol en el sur de Espa\u00f1a.Ofrecemos una amplia selecci\u00f3n de inmuebles en la Costa del Sol, desde villas de lujo, casas, adosados, apartamentos, nuevas construcciones, inmuebles hipotecados de bancos, terrenos hasta restaurantes, pubs, hoteles, locales comerciales para negocios en Espa\u00f1a.Si esta planeando comprar una propiedad como vivienda permanente, para vacaciones o como inversi\u00f3n, o si desea vender su propiedad, estamos aqu\u00ed para ayudarle.Todo lo que est\u00e1 buscando, lo encontraremos para usted.Nuestra empresa utiliza una pol\u00edtica de atenci\u00f3n individual y de total exclusividad, confidencialidad en relaci\u00f3n al cliente.Ofrecemos servicios integrales en todas las etapas y procesos relacionados con el sector inmobiliario, tambi\u00e9n si se encuentra fuera de Espa\u00f1a.\u00a1Cont\u00e1ctenos, estaremos encantados de ayudarle!<\/p>\n\t\t\n<style>\n#text-2677613658 {\n  font-size: 1rem;\n  line-height: 1.25;\n  text-align: center;\n}\n<\/style>\n\t<\/div>\n\t\n<div class=\"row row-full-width align-middle align-center glav-row row-box-shadow-3\"  id=\"row-1514075473\">\n\n\t<div id=\"col-1354040068\" class=\"col medium-6 small-12 large-6\"  >\n\t\t<div class=\"col-inner text-center\"  >\n\t\t\t\n\t\t\t\n\t<div class=\"img has-hover x md-x lg-x y md-y lg-y\" id=\"image_1711422816\">\n\t\t\t\t\t\t\t\t<div class=\"img-inner image-cover dark\" style=\"padding-top:56.25%;\">\n\t\t\t<img width=\"1950\" height=\"1300\" src=\"https:\/\/goldenkey-realestate.com\/wp-content\/uploads\/2024\/04\/DSC09743-62.jpg\" class=\"attachment-large size-large\" alt=\"Villa Bellevue\" \/>\t\t\t\t\t\t\n\t\t\t\t\t<\/div>\n\t\t\t\t\t\t\t\t\n<style>\n#image_1711422816 {\n  width: 100%;\n}\n<\/style>\n\t<\/div>\n\t\n\t\t<\/div>\n\t\t\t<\/div>\n\n\t\n\n\t<div id=\"col-121140936\" class=\"col medium-6 small-12 large-6\"  >\n\t\t<div class=\"col-inner text-center\"  >\n\t\t\t\n\t<div class=\"is-border\"\n\t\tstyle=\"border-color:rgb(212, 167, 28);border-width:2px 2px 2px 2px;\">\n\t<\/div>\n\t\t\t\n\t<div id=\"text-3227933570\" class=\"text\">\n\t\t\n<h2>Inversi\u00f3n exitosa<\/h2>\n<p><span class=\"VIiyi\" lang=\"es\"><span class=\"JLqJ4b ChMk0b\" data-language-for-alternatives=\"es\" data-language-to-translate-into=\"auto\" data-phrase-index=\"0\">\u00bfEst\u00e1 buscando una propiedad que sea una buena inversi\u00f3n?<\/span> <span class=\"JLqJ4b ChMk0b\" data-language-for-alternatives=\"es\" data-language-to-translate-into=\"auto\" data-phrase-index=\"1\">\u00bfQuiz\u00e1s considerando la combinaci\u00f3n de uso personal e ingresos por alquiler?<\/span> <span class=\"JLqJ4b ChMk0b\" data-language-for-alternatives=\"es\" data-language-to-translate-into=\"auto\" data-phrase-index=\"2\">\u00bfO tal vez solo ingresos por alquileres y ganancias de capital?<\/span> <span class=\"JLqJ4b ChMk0b\" data-language-for-alternatives=\"es\" data-language-to-translate-into=\"auto\" data-phrase-index=\"3\">Nuestro objetivo es cubrir la mayor\u00eda de las opciones.<\/span><\/span><br \/>\n\t\t\n<style>\n#text-3227933570 {\n  text-align: center;\n}\n<\/style>\n\t<\/div>\n\t\n<a href=\"\/es\/es_labels\/prodaetsya-es\/\" target=\"_self\" class=\"button primary is-outline\"  style=\"border-radius:10px;\">\n    <span>Elegir ahora<\/span>\n  <\/a>\n\n\t\t<\/div>\n\t\t\n<style>\n#col-121140936 > .col-inner {\n  padding: 10px 10px 10px 10px;\n}\n<\/style>\n\t<\/div>\n\n\t\n<\/div>\n<div class=\"row row-full-width align-middle align-center glav-row row-box-shadow-3\"  id=\"row-1378424952\">\n\n\t<div id=\"col-1807322299\" class=\"col medium-6 small-12 large-6\"  >\n\t\t<div class=\"col-inner text-center\"  >\n\t\t\t\n\t<div class=\"is-border\"\n\t\tstyle=\"border-color:rgb(212, 167, 28);border-width:2px 2px 2px 2px;\">\n\t<\/div>\n\t\t\t\n\t<div id=\"text-4093441292\" class=\"text\">\n\t\t\n<h2>Alquiler<\/h2>\n<p>Algunas de las mejores propiedades frente al mar en el sur de Espa\u00f1a pueden ser suyas para alquileres a corto plazo. Una colecci\u00f3n \u00fanica de algunas propiedades asombrosas. La tabla de personal est\u00e1 incluida o se puede agregar como una opci\u00f3n.<\/p>\n\t\t\n<style>\n#text-4093441292 {\n  text-align: center;\n}\n<\/style>\n\t<\/div>\n\t\n<a href=\"\/es\/es_labels\/alquileres-es\/\" target=\"_self\" class=\"button primary is-outline\"  style=\"border-radius:10px;\">\n    <span>Elegir ahora<\/span>\n  <\/a>\n\n\t\t<\/div>\n\t\t\n<style>\n#col-1807322299 > .col-inner {\n  padding: 10px 10px 10px 10px;\n}\n<\/style>\n\t<\/div>\n\n\t\n\n\t<div id=\"col-643846068\" class=\"col medium-6 small-12 large-6\"  >\n\t\t<div class=\"col-inner\"  >\n\t\t\t\n\t\t\t\n\t<div class=\"img has-hover hidden x md-x lg-x y md-y lg-y\" id=\"image_400373030\">\n\t\t\t\t\t\t\t\t<div class=\"img-inner image-cover dark\" style=\"padding-top:56.25%;\">\n\t\t\t\t\t\t\t\t\t\n\t\t\t\t\t<\/div>\n\t\t\t\t\t\t\t\t\n<style>\n#image_400373030 {\n  width: 100%;\n}\n<\/style>\n\t<\/div>\n\t\n\t\t<\/div>\n\t\t\t<\/div>\n\n\t\n<\/div>\n\t\t<\/div>\n\t\t\t<\/div>\n\n\t\n<\/div>\n<div class=\"row align-center\"  id=\"row-1947511612\">\n\n<\/div>\n\t\t<\/div>\n\n\t\t\n<style>\n#section_1726244404 {\n  padding-top: 25px;\n  padding-bottom: 25px;\n  min-height: 0px;\n}\n<\/style>\n\t<\/section>\n\t\n","protected":false},"excerpt":{"rendered":"","protected":false},"author":1,"featured_media":0,"parent":0,"menu_order":0,"comment_status":"closed","ping_status":"closed","template":"page-blank.php","meta":[],"_links":{"self":[{"href":"https:\/\/goldenkey-realestate.com\/es\/wp-json\/wp\/v2\/pages\/507"}],"collection":[{"href":"https:\/\/goldenkey-realestate.com\/es\/wp-json\/wp\/v2\/pages"}],"about":[{"href":"https:\/\/goldenkey-realestate.com\/es\/wp-json\/wp\/v2\/types\/page"}],"author":[{"embeddable":true,"href":"https:\/\/goldenkey-realestate.com\/es\/wp-json\/wp\/v2\/users\/1"}],"replies":[{"embeddable":true,"href":"https:\/\/goldenkey-realestate.com\/es\/wp-json\/wp\/v2\/comments?post=507"}],"version-history":[{"count":40,"href":"https:\/\/goldenkey-realestate.com\/es\/wp-json\/wp\/v2\/pages\/507\/revisions"}],"predecessor-version":[{"id":117984,"href":"https:\/\/goldenkey-realestate.com\/es\/wp-json\/wp\/v2\/pages\/507\/revisions\/117984"}],"wp:attachment":[{"href":"https:\/\/goldenkey-realestate.com\/es\/wp-json\/wp\/v2\/media?parent=507"}],"curies":[{"name":"wp","href":"https:\/\/api.w.org\/{rel}","templated":true}]}}