{"id":2475,"date":"2021-04-22T19:15:34","date_gmt":"2021-04-22T16:15:34","guid":{"rendered":"https:\/\/goldenkey-realestate.com\/faqs\/sertifikat-energoeffektivnosti\/"},"modified":"2022-08-25T21:33:05","modified_gmt":"2022-08-25T19:33:05","slug":"sertifikat-energoeffektivnosti","status":"publish","type":"page","link":"https:\/\/goldenkey-realestate.com\/es\/faqs\/sertifikat-energoeffektivnosti\/","title":{"rendered":"Certificaci\u00f3n de eficiencia energ\u00e9tica"},"content":{"rendered":"<p><img class=\"size-full wp-image-2468 alignright\" src=\"https:\/\/goldenkey-realestate.com\/wp-content\/uploads\/2022\/08\/teaser_energieeffizienzgebaeude_haus.png\" alt=\"\" width=\"250\" height=\"250\" \/><\/p>\n<p>En funci\u00f3n de la Directiva 2010\/31\/UE del Parlamento Europeo y del Consejo de 19 de mayo de 2010, en lo relativo a la certificaci\u00f3n energ\u00e9tica de edificios, se aprueba el Real Decreto 235\/2013 en el marco espa\u00f1ol, por el cual se incorpora el Procedimiento b\u00e1sico para la certificaci\u00f3n de eficiencia energ\u00e9tica de edificios existentes.<\/p>\n<p>Este Real Decreto, establece la obligaci\u00f3n de poner a disposici\u00f3n de los compradores o usuarios de los edificios un certificado de eficiencia energ\u00e9tica que deber\u00e1 incluir informaci\u00f3n objetiva sobre la eficiencia energ\u00e9tica de un edificio o inmueble, (demanda energ\u00e9tica o consumo), as\u00ed como valores de referencia, tales como requisitos m\u00ednimos de eficiencia energ\u00e9tica con el fin de que los propietarios o arrendatarios del edificio o vivienda, puedan comparar y evaluar su eficiencia energ\u00e9tica.<\/p>\n<p>Este documento es emitido por un t\u00e9cnico certificador conteniendo informaci\u00f3n sobre las caracter\u00edsticas energ\u00e9ticas actuales de cada inmueble y la eficiencia energ\u00e9tica de un edificio o unidad de \u00e9ste, calculada con arreglo a la metodolog\u00eda de c\u00e1lculo definida por los Ministerios de Industria, Energ\u00eda y Turismo y de Fomento.<\/p>\n<p>El objetivo de este Real Decreto, es optimizar los recursos energ\u00e9ticos utilizados hoy por hoy, adecuando la vivienda y encamin\u00e1ndola a ser m\u00e1s eficiente energ\u00e9ticamente, a trav\u00e9s de opciones de mejoras tanto en su envolvente t\u00e9rmica, como en adecuaci\u00f3n de instalaciones, a la vez que persigue el uso de energ\u00edas renovables, sustituy\u00e9ndolas por aquellas que incrementan las emisiones de CO2 a la atm\u00f3sfera, y por consiguiente contribuyendo a la disminuci\u00f3n en el cambio clim\u00e1tico.<\/p>\n<p>&nbsp;<\/p>\n","protected":false},"excerpt":{"rendered":"<p>En funci\u00f3n de la Directiva 2010\/31\/UE del Parlamento Europeo y del Consejo de 19 de mayo de 2010, en lo relativo a la certificaci\u00f3n energ\u00e9tica de edificios, se aprueba el Real Decreto 235\/2013 en el marco espa\u00f1ol, por el cual se incorpora el Procedimiento b\u00e1sico para la certificaci\u00f3n de eficiencia energ\u00e9tica de edificios existentes. Este [&#8230;]\n","protected":false},"author":1,"featured_media":0,"parent":2401,"menu_order":0,"comment_status":"closed","ping_status":"closed","template":"page-blank-title-center.php","meta":[],"_links":{"self":[{"href":"https:\/\/goldenkey-realestate.com\/es\/wp-json\/wp\/v2\/pages\/2475"}],"collection":[{"href":"https:\/\/goldenkey-realestate.com\/es\/wp-json\/wp\/v2\/pages"}],"about":[{"href":"https:\/\/goldenkey-realestate.com\/es\/wp-json\/wp\/v2\/types\/page"}],"author":[{"embeddable":true,"href":"https:\/\/goldenkey-realestate.com\/es\/wp-json\/wp\/v2\/users\/1"}],"replies":[{"embeddable":true,"href":"https:\/\/goldenkey-realestate.com\/es\/wp-json\/wp\/v2\/comments?post=2475"}],"version-history":[{"count":2,"href":"https:\/\/goldenkey-realestate.com\/es\/wp-json\/wp\/v2\/pages\/2475\/revisions"}],"predecessor-version":[{"id":44649,"href":"https:\/\/goldenkey-realestate.com\/es\/wp-json\/wp\/v2\/pages\/2475\/revisions\/44649"}],"up":[{"embeddable":true,"href":"https:\/\/goldenkey-realestate.com\/es\/wp-json\/wp\/v2\/pages\/2401"}],"wp:attachment":[{"href":"https:\/\/goldenkey-realestate.com\/es\/wp-json\/wp\/v2\/media?parent=2475"}],"curies":[{"name":"wp","href":"https:\/\/api.w.org\/{rel}","templated":true}]}}