{"id":2447,"date":"2021-04-22T18:35:17","date_gmt":"2021-04-22T15:35:17","guid":{"rendered":"https:\/\/goldenkey-realestate.com\/faqs\/osushhestvlenie-platezhej\/"},"modified":"2022-08-25T20:44:21","modified_gmt":"2022-08-25T18:44:21","slug":"osushhestvlenie-platezhej","status":"publish","type":"page","link":"https:\/\/goldenkey-realestate.com\/es\/faqs\/osushhestvlenie-platezhej\/","title":{"rendered":"Realizando pagos"},"content":{"rendered":"<p><img class=\"size-full wp-image-2440 alignright\" src=\"https:\/\/goldenkey-realestate.com\/wp-content\/uploads\/2022\/08\/plata.jpg\" alt=\"\" width=\"250\" height=\"250\" \/><\/p>\n<p>Antes de firmar y transferir a su nombre la Escritura P\u00fablica ante Notario, se requiere el pago completo del inmueble. Aseg\u00farese de que al transferir el dinero a Espa\u00f1a los fondos lleguen en tiempo suficiente para permitir la transacci\u00f3n en la fecha convenida. Al comprar una vivienda en construcci\u00f3n, se seguir\u00e1 la forma de pago pactada en el contrato, seg\u00fan la etapa alcanzada. Se le notificar\u00e1 cuando deben ser realizados dichos pagos y recibir\u00e1 una comunicaci\u00f3n escrita del arquitecto certificando la etapa alcanzada. Cuando compre una vivienda nueva en moneda extranjera debe asegurarse de que todos los pagos est\u00e1n registrados a trav\u00e9s de su banco espa\u00f1ol, para poder repatriar los fondos en una hipot\u00e9tica futura reventa.<\/p>\n","protected":false},"excerpt":{"rendered":"<p>Antes de firmar y transferir a su nombre la Escritura P\u00fablica ante Notario, se requiere el pago completo del inmueble. Aseg\u00farese de que al transferir el dinero a Espa\u00f1a los fondos lleguen en tiempo suficiente para permitir la transacci\u00f3n en la fecha convenida. Al comprar una vivienda en construcci\u00f3n, se seguir\u00e1 la forma de pago [&#8230;]\n","protected":false},"author":1,"featured_media":0,"parent":2401,"menu_order":0,"comment_status":"closed","ping_status":"closed","template":"page-blank-title-center.php","meta":[],"_links":{"self":[{"href":"https:\/\/goldenkey-realestate.com\/es\/wp-json\/wp\/v2\/pages\/2447"}],"collection":[{"href":"https:\/\/goldenkey-realestate.com\/es\/wp-json\/wp\/v2\/pages"}],"about":[{"href":"https:\/\/goldenkey-realestate.com\/es\/wp-json\/wp\/v2\/types\/page"}],"author":[{"embeddable":true,"href":"https:\/\/goldenkey-realestate.com\/es\/wp-json\/wp\/v2\/users\/1"}],"replies":[{"embeddable":true,"href":"https:\/\/goldenkey-realestate.com\/es\/wp-json\/wp\/v2\/comments?post=2447"}],"version-history":[{"count":3,"href":"https:\/\/goldenkey-realestate.com\/es\/wp-json\/wp\/v2\/pages\/2447\/revisions"}],"predecessor-version":[{"id":44618,"href":"https:\/\/goldenkey-realestate.com\/es\/wp-json\/wp\/v2\/pages\/2447\/revisions\/44618"}],"up":[{"embeddable":true,"href":"https:\/\/goldenkey-realestate.com\/es\/wp-json\/wp\/v2\/pages\/2401"}],"wp:attachment":[{"href":"https:\/\/goldenkey-realestate.com\/es\/wp-json\/wp\/v2\/media?parent=2447"}],"curies":[{"name":"wp","href":"https:\/\/api.w.org\/{rel}","templated":true}]}}