{"id":2434,"date":"2021-04-22T18:22:10","date_gmt":"2021-04-22T15:22:10","guid":{"rendered":"https:\/\/goldenkey-realestate.com\/faqs\/gde-i-kak-podat-zayavku-na-nie\/"},"modified":"2022-08-25T22:54:23","modified_gmt":"2022-08-25T20:54:23","slug":"gde-i-kak-podat-zayavku-na-nie","status":"publish","type":"page","link":"https:\/\/goldenkey-realestate.com\/es\/faqs\/gde-i-kak-podat-zayavku-na-nie\/","title":{"rendered":"\u00bfD\u00f3nde y c\u00f3mo solicito el NIE?"},"content":{"rendered":"<p><img class=\"size-full wp-image-2427 alignright\" src=\"https:\/\/goldenkey-realestate.com\/wp-content\/uploads\/2022\/08\/16352523857582.jpg\" alt=\"\" width=\"224\" height=\"223\" \/><\/p>\n<p>El n\u00famero de identificaci\u00f3n de extranjeros es otorgado de oficio, es decir de forma autom\u00e1tica por la direcci\u00f3n General de Polic\u00eda a todo extranjero que se le inicie un expediente administrativo; o bien puedes solicitarlo Vd. mismo siempre que acredite el porqu\u00e9 de su petici\u00f3n.<\/p>\n<p>1.- Si est\u00e1 en Espa\u00f1a, pres\u00e9ntese personalmente en la Oficina de Extranjeros o en la Comisar\u00eda de Polic\u00eda del lugar donde viva. Deber\u00e1 cumplir con dos requisitos:<\/p>\n<ul>\n<li>No estar en situaci\u00f3n irregular en Espa\u00f1a.<\/li>\n<li>La presentaci\u00f3n de documentos que justifiquen los motivos de la petici\u00f3n.<\/li>\n<\/ul>\n<p>La solicitud puede ser presentada por medio de un representante con poder asignado para tramitar el n\u00famero de identificaci\u00f3n. Tambi\u00e9n tendr\u00e1 que justificar y documentar los motivos de su petici\u00f3n.<\/p>\n<p>2.- Si se encuentra en su pa\u00eds de residencia, puede solicitar el n\u00famero de identificaci\u00f3n en las delegaciones diplom\u00e1ticas o el consulado espa\u00f1ol.<\/p>\n<p>Lo m\u00e1s recomendable es que inicie el tr\u00e1mite de solicitud para la concesi\u00f3n del n\u00famero de identificaci\u00f3n de extranjero al poco tiempo de ingresar en territorio espa\u00f1ol.<br \/>\nPara poder solicitar el n\u00famero de identificaci\u00f3n de extranjeros debe tener una situaci\u00f3n regular en Espa\u00f1a.<\/p>\n<p>Al ingresar en Espa\u00f1a, ya sea como turista o con un visado, se encuentra en situaci\u00f3n regular de estancia. Ese tiempo de situaci\u00f3n de estancia depender\u00e1: como turista tiene un m\u00e1ximo de 90 d\u00edas y con visado el tiempo de vigencia del mismo. Antes que finalice su estancia solicite el NIE justificando los motivos de la petici\u00f3n, despu\u00e9s no podr\u00e1 hacerlo hasta regularizar su situaci\u00f3n.<\/p>\n<p>Si solicitara el NIE encontr\u00e1ndose en situaci\u00f3n irregular este puede ser motivo de apertura de expediente y sanci\u00f3n con consecuencias no deseadas.<\/p>\n<p>&nbsp;<\/p>\n","protected":false},"excerpt":{"rendered":"<p>El n\u00famero de identificaci\u00f3n de extranjeros es otorgado de oficio, es decir de forma autom\u00e1tica por la direcci\u00f3n General de Polic\u00eda a todo extranjero que se le inicie un expediente administrativo; o bien puedes solicitarlo Vd. mismo siempre que acredite el porqu\u00e9 de su petici\u00f3n. 1.- Si est\u00e1 en Espa\u00f1a, pres\u00e9ntese personalmente en la Oficina [&#8230;]\n","protected":false},"author":1,"featured_media":0,"parent":2401,"menu_order":0,"comment_status":"closed","ping_status":"closed","template":"page-blank-title-center.php","meta":[],"_links":{"self":[{"href":"https:\/\/goldenkey-realestate.com\/es\/wp-json\/wp\/v2\/pages\/2434"}],"collection":[{"href":"https:\/\/goldenkey-realestate.com\/es\/wp-json\/wp\/v2\/pages"}],"about":[{"href":"https:\/\/goldenkey-realestate.com\/es\/wp-json\/wp\/v2\/types\/page"}],"author":[{"embeddable":true,"href":"https:\/\/goldenkey-realestate.com\/es\/wp-json\/wp\/v2\/users\/1"}],"replies":[{"embeddable":true,"href":"https:\/\/goldenkey-realestate.com\/es\/wp-json\/wp\/v2\/comments?post=2434"}],"version-history":[{"count":3,"href":"https:\/\/goldenkey-realestate.com\/es\/wp-json\/wp\/v2\/pages\/2434\/revisions"}],"predecessor-version":[{"id":44663,"href":"https:\/\/goldenkey-realestate.com\/es\/wp-json\/wp\/v2\/pages\/2434\/revisions\/44663"}],"up":[{"embeddable":true,"href":"https:\/\/goldenkey-realestate.com\/es\/wp-json\/wp\/v2\/pages\/2401"}],"wp:attachment":[{"href":"https:\/\/goldenkey-realestate.com\/es\/wp-json\/wp\/v2\/media?parent=2434"}],"curies":[{"name":"wp","href":"https:\/\/api.w.org\/{rel}","templated":true}]}}