{"id":2407,"date":"2021-04-22T17:17:21","date_gmt":"2021-04-22T14:17:21","guid":{"rendered":"https:\/\/goldenkey-realestate.com\/faqs\/inostrannye-pokupateli\/"},"modified":"2022-08-25T20:08:25","modified_gmt":"2022-08-25T18:08:25","slug":"inostrannye-pokupateli","status":"publish","type":"page","link":"https:\/\/goldenkey-realestate.com\/es\/faqs\/inostrannye-pokupateli\/","title":{"rendered":"Compradores extranjeros"},"content":{"rendered":"<p><strong><img class=\"size-full wp-image-2387 alignright\" src=\"https:\/\/goldenkey-realestate.com\/wp-content\/uploads\/2022\/08\/depositphotos_10108507-stock-photo-globe-logo.jpg\" alt=\"\" width=\"250\" height=\"250\" \/><\/strong><\/p>\n<p><strong>Cuentas bancarias<\/strong><\/p>\n<p>Para los compradores extranjeros hay dos tipos b\u00e1sicos de cuentas bancarias disponibles:<\/p>\n<p>A) Cuenta en euros para los no residentes.<br \/>\nB) Cuenta de dep\u00f3sitos a plazo fijo en moneda extranjera.<\/p>\n<p>Estas \u00faltimas se usan para dep\u00f3sitos de moneda extranjera en su estado existente sin la conversi\u00f3n a euros. Los fondos son libremente convertibles en otra moneda extranjera y est\u00e1n fuera de las regulaciones espa\u00f1olas del control de intercambio. Los tipos de inter\u00e9s var\u00edan seg\u00fan la moneda depositada.<\/p>\n<hr \/>\n<p><strong>NIE<\/strong><\/p>\n<p><img class=\"size-full wp-image-2409 alignright\" src=\"https:\/\/goldenkey-realestate.com\/wp-content\/uploads\/2021\/04\/nie.gif\" alt=\"\" width=\"226\" height=\"158\" \/><\/p>\n<p>El NIE o n\u00famero de Identificaci\u00f3n de Extranjeros es un n\u00famero personal, \u00fanico y exclusivo de car\u00e1cter secuencial, otorgado por la Oficina de Extranjeros. Es el n\u00famero de identificaci\u00f3n que se le solicitar\u00e1 y figurar\u00e1 en todos los documentos oficiales que se le asignen.<\/p>\n<p>Este n\u00famero no le habilita a residir en Espa\u00f1a, pero le ser\u00e1 necesario para todo tipo de tr\u00e1mites de expedientes, actuaciones oficiales o bien por intereses econ\u00f3micos o profesionales.<\/p>\n<p>El NIE es imprescindible para realizar cualquier transacci\u00f3n econ\u00f3mica como abrir una cuenta bancaria, establecer un negocio, para comprar una vivienda o un coche, para hacer la declaraci\u00f3n de impuestos o para cualquier formulario de solicitud administrativo inherente a la oficina de extranjeros.<\/p>\n<hr \/>\n<p>Documentaci\u00f3n que hay que presentar al solicitar el NIE:<\/p>\n<ul>\n<li>Impreso-solicitud oficial.<\/li>\n<li>Documento de identidad o pasaporte original y fotocopia.<\/li>\n<li>Foto fondo blanco en color tama\u00f1o carne.<\/li>\n<li>Documentaci\u00f3n acreditativa de los motivos de tu petici\u00f3n.<\/li>\n<\/ul>\n<p>Generalmente es un tr\u00e1mite sencillo que tardar\u00e1 entre 1 y 5 semanas. Es obligatorio retirarlo personalmente.<\/p>\n","protected":false},"excerpt":{"rendered":"<p>Cuentas bancarias Para los compradores extranjeros hay dos tipos b\u00e1sicos de cuentas bancarias disponibles: A) Cuenta en euros para los no residentes. B) Cuenta de dep\u00f3sitos a plazo fijo en moneda extranjera. Estas \u00faltimas se usan para dep\u00f3sitos de moneda extranjera en su estado existente sin la conversi\u00f3n a euros. Los fondos son libremente convertibles [&#8230;]\n","protected":false},"author":1,"featured_media":0,"parent":2401,"menu_order":0,"comment_status":"closed","ping_status":"closed","template":"page-blank-title-center.php","meta":[],"_links":{"self":[{"href":"https:\/\/goldenkey-realestate.com\/es\/wp-json\/wp\/v2\/pages\/2407"}],"collection":[{"href":"https:\/\/goldenkey-realestate.com\/es\/wp-json\/wp\/v2\/pages"}],"about":[{"href":"https:\/\/goldenkey-realestate.com\/es\/wp-json\/wp\/v2\/types\/page"}],"author":[{"embeddable":true,"href":"https:\/\/goldenkey-realestate.com\/es\/wp-json\/wp\/v2\/users\/1"}],"replies":[{"embeddable":true,"href":"https:\/\/goldenkey-realestate.com\/es\/wp-json\/wp\/v2\/comments?post=2407"}],"version-history":[{"count":4,"href":"https:\/\/goldenkey-realestate.com\/es\/wp-json\/wp\/v2\/pages\/2407\/revisions"}],"predecessor-version":[{"id":44604,"href":"https:\/\/goldenkey-realestate.com\/es\/wp-json\/wp\/v2\/pages\/2407\/revisions\/44604"}],"up":[{"embeddable":true,"href":"https:\/\/goldenkey-realestate.com\/es\/wp-json\/wp\/v2\/pages\/2401"}],"wp:attachment":[{"href":"https:\/\/goldenkey-realestate.com\/es\/wp-json\/wp\/v2\/media?parent=2407"}],"curies":[{"name":"wp","href":"https:\/\/api.w.org\/{rel}","templated":true}]}}