{"id":2401,"date":"2021-04-22T17:16:24","date_gmt":"2021-04-22T14:16:24","guid":{"rendered":"https:\/\/goldenkey-realestate.com\/faqs\/"},"modified":"2021-04-22T20:30:46","modified_gmt":"2021-04-22T17:30:46","slug":"faqs","status":"publish","type":"page","link":"https:\/\/goldenkey-realestate.com\/es\/faqs\/","title":{"rendered":"Preguntas frecuentes sobre la compra venta inmobiliaria"},"content":{"rendered":"<p><span lang=\"RU\"><img class=\"alignright wp-image-2391 size-full\" src=\"https:\/\/goldenkey-realestate.com\/wp-content\/uploads\/2021\/04\/faqs_5-250x250-1.jpg\" alt=\"\" width=\"250\" height=\"250\" \/><\/span><\/p>\n<p>Si ya ha decidido proceder a la compra de un inmueble, lo ideal es contactar con un Agente Inmobiliario, el cual adem\u00e1s de optimizar su b\u00fasqueda, podr\u00e1 legalmente representarle y hacer todas las gestiones e investigaciones necesarias en su nombre.<\/p>\n<p>En Cosmopolitan Properties disponemos de varios agentes comerciales, especializados en este sector, que estar\u00e1n encantados de poder ayudarle. A trav\u00e9s de una atenci\u00f3n personalizada le asesorar\u00e1n sin compromiso alguno hasta encontrar la vivienda deseada.<\/p>\n<p>El proceso de compra de un inmueble comprende una serie de pasos, que siempre es bueno conocer. Aqu\u00ed le presentamos una informaci\u00f3n relevante para cualquier compraventa, con el fin de despejar algunas dudas. No obstante, para cualquier consulta siempre podr\u00e1 contactar con nosotros.<\/p>\n<ul>\n<li style=\"list-style-type: none;\">\n<ul>\n<li><span style=\"font-size: 120%;\"><a href=\"https:\/\/goldenkey-realestate.comfaqs\/pervye-shagi-kupli-prodazhi\/\">Compra venta<\/a><\/span><\/li>\n<\/ul>\n<\/li>\n<\/ul>\n<hr \/>\n<ul>\n<li style=\"list-style-type: none;\">\n<ul>\n<li><span style=\"font-size: 120%;\"><a href=\"https:\/\/goldenkey-realestate.comfaqs\/ipoteka\/\">Hipotecas<\/a><\/span><\/li>\n<\/ul>\n<\/li>\n<\/ul>\n<hr \/>\n<ul>\n<li style=\"list-style-type: none;\">\n<ul>\n<li><span style=\"font-size: 120%;\"><a href=\"https:\/\/goldenkey-realestate.comfaqs\/inostrannye-pokupateli\/\">Compradores extranjeros<\/a><\/span><\/li>\n<\/ul>\n<\/li>\n<\/ul>\n<hr \/>\n<ul>\n<li style=\"list-style-type: none;\">\n<ul>\n<li><span style=\"font-size: 120%;\"><a href=\"https:\/\/goldenkey-realestate.comfaqs\/gde-i-kak-podat-zayavku-na-nie\/\">Solicito el NIE<\/a><\/span><\/li>\n<\/ul>\n<\/li>\n<\/ul>\n<hr \/>\n<ul>\n<li style=\"list-style-type: none;\">\n<ul>\n<li><span style=\"font-size: 120%;\"><a href=\"https:\/\/goldenkey-realestate.comfaqs\/osushhestvlenie-platezhej\/\">Realizando el pago<\/a><\/span><\/li>\n<\/ul>\n<\/li>\n<\/ul>\n<hr \/>\n<ul>\n<li style=\"list-style-type: none;\">\n<ul>\n<li><span style=\"font-size: 120%;\"><a href=\"https:\/\/goldenkey-realestate.comfaqs\/poslednij-etap-prodazhi-i-rasxody\/\">Gastos de compra venta<\/a><\/span><\/li>\n<\/ul>\n<\/li>\n<\/ul>\n<hr \/>\n<ul>\n<li style=\"list-style-type: none;\">\n<ul>\n<li><span style=\"font-size: 120%;\"><a href=\"https:\/\/goldenkey-realestate.comfaqs\/oformlenie-kontrakta-na-kommunalnye-uslugi-i-mestnye-nalogi\/\">Impuestos y NIE<\/a><\/span><\/li>\n<\/ul>\n<\/li>\n<\/ul>\n<hr \/>\n<ul>\n<li style=\"list-style-type: none;\">\n<ul>\n<li><a href=\"https:\/\/goldenkey-realestate.comfaqs\/sertifikat-energoeffektivnosti\/\"><span style=\"font-size: 120%;\">Certificaci\u00f3n energ\u00e9tica<\/span><\/a><\/li>\n<\/ul>\n<\/li>\n<\/ul>\n<hr \/>\n","protected":false},"excerpt":{"rendered":"<p>Si ya ha decidido proceder a la compra de un inmueble, lo ideal es contactar con un Agente Inmobiliario, el cual adem\u00e1s de optimizar su b\u00fasqueda, podr\u00e1 legalmente representarle y hacer todas las gestiones e investigaciones necesarias en su nombre. En Cosmopolitan Properties disponemos de varios agentes comerciales, especializados en este sector, que estar\u00e1n encantados [&#8230;]\n","protected":false},"author":1,"featured_media":0,"parent":0,"menu_order":0,"comment_status":"closed","ping_status":"closed","template":"page-blank-title-center.php","meta":[],"_links":{"self":[{"href":"https:\/\/goldenkey-realestate.com\/es\/wp-json\/wp\/v2\/pages\/2401"}],"collection":[{"href":"https:\/\/goldenkey-realestate.com\/es\/wp-json\/wp\/v2\/pages"}],"about":[{"href":"https:\/\/goldenkey-realestate.com\/es\/wp-json\/wp\/v2\/types\/page"}],"author":[{"embeddable":true,"href":"https:\/\/goldenkey-realestate.com\/es\/wp-json\/wp\/v2\/users\/1"}],"replies":[{"embeddable":true,"href":"https:\/\/goldenkey-realestate.com\/es\/wp-json\/wp\/v2\/comments?post=2401"}],"version-history":[{"count":3,"href":"https:\/\/goldenkey-realestate.com\/es\/wp-json\/wp\/v2\/pages\/2401\/revisions"}],"predecessor-version":[{"id":2537,"href":"https:\/\/goldenkey-realestate.com\/es\/wp-json\/wp\/v2\/pages\/2401\/revisions\/2537"}],"wp:attachment":[{"href":"https:\/\/goldenkey-realestate.com\/es\/wp-json\/wp\/v2\/media?parent=2401"}],"curies":[{"name":"wp","href":"https:\/\/api.w.org\/{rel}","templated":true}]}}