{"id":2384,"date":"2021-04-22T04:45:53","date_gmt":"2021-04-22T01:45:53","guid":{"rendered":"https:\/\/goldenkey-realestate.com\/ipoteka\/"},"modified":"2022-08-25T20:30:58","modified_gmt":"2022-08-25T18:30:58","slug":"ipoteka","status":"publish","type":"page","link":"https:\/\/goldenkey-realestate.com\/es\/faqs\/ipoteka\/","title":{"rendered":"\u00bfNecesita hipoteca?"},"content":{"rendered":"<h3><img class=\"alignright wp-image-2376 size-full\" src=\"https:\/\/goldenkey-realestate.com\/wp-content\/uploads\/2022\/08\/rentalcontract.jpg\" alt=\"\" width=\"250\" height=\"250\" \/><\/h3>\n<p>Si Vd. Necesita una hipoteca para adquirir un inmueble a trav\u00e9s de cualquiera de nuestros asociados, conviene que se lo haga saber a su agente inmobiliario lo m\u00e1s pronto posible, con el objeto de que \u00e9ste pueda coordinarlo todo. La hipoteca puede tramitarse en Espa\u00f1a o en el extranjero. Si a\u00fan no la ha solicitado podemos ayudarle a gestionarla a trav\u00e9s de uno de los bancos espa\u00f1oles o extranjeros con los que habitualmente colaboramos.<\/p>\n<p>Si Vd. ya la est\u00e1 tramitando a trav\u00e9s de su propio banco, recuerde que deber\u00e1 mantener informado a su agente inmobiliario de cualquier avance en la tramitaci\u00f3n para que este pueda coordinar la fecha de firma de la Escritura de compraventa ante notario entre Vd., el banco y el vendedor del inmueble.<\/p>\n<p>Un comprador no residente puede obtener hasta el 70% del valor de tasaci\u00f3n de la propiedad, un residente podr\u00e1 aspirar a conseguir hasta el 80%. En funci\u00f3n de sus circunstancias e ingresos personales, estos porcentajes pueden ser superiores; la garant\u00eda que cubre el pr\u00e9stamo hipotecario es normalmente la vivienda que Vd. est\u00e1 comprando; si Vd. solicita porcentajes superiores a los aqu\u00ed mencionados el banco podr\u00e1 pedir garant\u00edas extraordinarias.<\/p>\n<p>En t\u00e9rminos generales, la documentaci\u00f3n que cualquier banco va a pedirle para tramitar su hipoteca ser\u00e1n sus n\u00f3minas o ingresos, su declaraci\u00f3n anual de la renta, y su grado de endeudamiento con otras entidades bancarias o financieras en su propio pa\u00eds.<\/p>\n<p>&nbsp;<\/p>\n<p>&nbsp;<\/p>\n","protected":false},"excerpt":{"rendered":"<p>Si Vd. Necesita una hipoteca para adquirir un inmueble a trav\u00e9s de cualquiera de nuestros asociados, conviene que se lo haga saber a su agente inmobiliario lo m\u00e1s pronto posible, con el objeto de que \u00e9ste pueda coordinarlo todo. La hipoteca puede tramitarse en Espa\u00f1a o en el extranjero. Si a\u00fan no la ha solicitado [&#8230;]\n","protected":false},"author":1,"featured_media":0,"parent":2401,"menu_order":0,"comment_status":"closed","ping_status":"closed","template":"page-blank-title-center.php","meta":[],"_links":{"self":[{"href":"https:\/\/goldenkey-realestate.com\/es\/wp-json\/wp\/v2\/pages\/2384"}],"collection":[{"href":"https:\/\/goldenkey-realestate.com\/es\/wp-json\/wp\/v2\/pages"}],"about":[{"href":"https:\/\/goldenkey-realestate.com\/es\/wp-json\/wp\/v2\/types\/page"}],"author":[{"embeddable":true,"href":"https:\/\/goldenkey-realestate.com\/es\/wp-json\/wp\/v2\/users\/1"}],"replies":[{"embeddable":true,"href":"https:\/\/goldenkey-realestate.com\/es\/wp-json\/wp\/v2\/comments?post=2384"}],"version-history":[{"count":3,"href":"https:\/\/goldenkey-realestate.com\/es\/wp-json\/wp\/v2\/pages\/2384\/revisions"}],"predecessor-version":[{"id":44612,"href":"https:\/\/goldenkey-realestate.com\/es\/wp-json\/wp\/v2\/pages\/2384\/revisions\/44612"}],"up":[{"embeddable":true,"href":"https:\/\/goldenkey-realestate.com\/es\/wp-json\/wp\/v2\/pages\/2401"}],"wp:attachment":[{"href":"https:\/\/goldenkey-realestate.com\/es\/wp-json\/wp\/v2\/media?parent=2384"}],"curies":[{"name":"wp","href":"https:\/\/api.w.org\/{rel}","templated":true}]}}